{"id":3088,"date":"2016-03-26T16:07:46","date_gmt":"2016-03-26T15:07:46","guid":{"rendered":"https:\/\/bodeweb.de\/blog\/?page_id=3088"},"modified":"2016-04-17T16:29:48","modified_gmt":"2016-04-17T14:29:48","slug":"unterwasser-videos-aus-indonesien","status":"publish","type":"page","link":"https:\/\/bodeweb.de\/blog\/unterwasser-videos-aus-indonesien\/","title":{"rendered":"Unterwasser-Videos aus Indonesien"},"content":{"rendered":"<p>[vc_row][vc_column width=&#8221;1\/3&#8243;][vc_single_image image=&#8221;3098&#8243; alignment=&#8221;center&#8221; style=&#8221;vc_box_shadow_3d&#8221; onclick=&#8221;custom_link&#8221; css_animation=&#8221;appear&#8221; link=&#8221;\/blog\/unterwasser-videos_michael_bode\/&#8221;][vc_column_text]<\/p>\n<h3>Indonesien unter Wasser<\/h3>\n<p>Seit \u00fcber 25 Jahren tauche ich regelm\u00e4\u00dfig in Indonesien. Meistens hat mich dabei auch eine Videokamera begleitet. So sind im Laufe der Jahre verschiedene Videos \u00fcber meine Tauchreisen entstanden, die einen ganz guten \u00dcberblick dar\u00fcber bieten, was Indonesien unter Wasser, aber auch \u00fcber Wasser zu bieten hat. Denn nicht nur die Unterwasserwelt dieses Landes ist faszinierend sondern auch seine Landschaften und Menschen k\u00f6nnen s\u00fcchtig machen nach mehr. So sind im Laufe der Jahre Videos entstanden, die Indonesien von Sumatra bis Raja Ampat vor der Westk\u00fcste von Neuguinea dokumentieren.[\/vc_column_text][vc_btn title=&#8221;Videos von Michael Bode&#8221; style=&#8221;3d&#8221; shape=&#8221;square&#8221; color=&#8221;default&#8221; i_icon_fontawesome=&#8221;fa fa-binoculars&#8221; link=&#8221;url:%2Fblog%2Funterwasser-videos_michael_bode%2F||&#8221; add_icon=&#8221;true&#8221;][\/vc_column][vc_column width=&#8221;1\/3&#8243;][vc_single_image image=&#8221;3099&#8243; img_size=&#8221;633&#215;356&#8243; alignment=&#8221;center&#8221; style=&#8221;vc_box_shadow_3d&#8221; onclick=&#8221;custom_link&#8221; css_animation=&#8221;appear&#8221; link=&#8221;\/blog\/unterwasser-videos_michael_bode\/unterwasser_videos_indonesien\/&#8221;][vc_column_text]<\/p>\n<h3>Vimeo-Gruppe Diving Indonesia<\/h3>\n<p>In den vergangenen Jahren habe ich zudem systematisch damit angefangen, Unterwasser-Videos von anderen Tauchern zu sammeln und sie in der Vimeo-Gruppe &#8216;Diving Indonesia&#8217; vorzustellen. \u00dcber 100 UW-Filmer haben dort mittlerweile ihre Videos aus den verschiedenen Tauchgebieten zusammengetragen. Wer m\u00f6chte, kann sich hier bereits vor der Reise einen Eindruck davon machen, was ihn sp\u00e4ter unter Wasser im Tauchgebiet erwarten wird. In aller Regel sind das keine Werbe-Videos, sondern subjektive Dokumentationen von Unterwasser-Filmern. Die gesamte Sammlung ist in Alben sortiert, so dass man von den wichtigsten Tauchgebiete Indonesiens gleich mehrere Videos von unterschiedlichen Filmemachern zur Auswahl hat.[\/vc_column_text][vc_btn title=&#8221;Diving Indonesia&#8221; style=&#8221;3d&#8221; shape=&#8221;square&#8221; color=&#8221;default&#8221; align=&#8221;left&#8221; i_icon_fontawesome=&#8221;fa fa-binoculars&#8221; css_animation=&#8221;appear&#8221; link=&#8221;url:%2Fblog%2Funterwasser-videos_michael_bode%2Funterwasser_videos_indonesien%2F||&#8221; add_icon=&#8221;true&#8221;][\/vc_column][vc_column width=&#8221;1\/3&#8243;][vc_single_image image=&#8221;3100&#8243; alignment=&#8221;center&#8221; style=&#8221;vc_box_shadow_3d&#8221; onclick=&#8221;custom_link&#8221; css_animation=&#8221;appear&#8221; link=&#8221;\/blog\/unterwasser-videos_michael_bode\/animierte-tauchsafarirouten-in-indonesien\/&#8221;][vc_column_text]<\/p>\n<h3>Animierte Tauchsafari-Routen in Indonesien<\/h3>\n<p>Wer Interesse daran hat, irgendwann einmal eine Tauchsafari in Indonesien zu machen, sollte sich auch einmal meine animierten Tauchsafari-Routen in Indonesien ansehen. Sie bieten einen guten \u00dcberblick \u00fcber die verschiedenen M\u00f6glichkeiten, ein Land wie Indonesien, das zum gr\u00f6\u00dften Teil aus Wasserfl\u00e4che besteht, mit dem Tauchschiff zu erforschen.<br \/>\nAnimierte Tauchsafari-Routen[\/vc_column_text][vc_btn title=&#8221;Animierte Tauchsafari-Routen in Indonesien&#8221; style=&#8221;3d&#8221; shape=&#8221;square&#8221; color=&#8221;default&#8221; i_icon_fontawesome=&#8221;fa fa-binoculars&#8221; link=&#8221;url:%2Fblog%2Funterwasser-videos_michael_bode%2Fanimierte-tauchsafarirouten-in-indonesien%2F||&#8221; add_icon=&#8221;true&#8221;][\/vc_column][\/vc_row]<\/p>\n","protected":false},"excerpt":{"rendered":"<p>[vc_row][vc_column width=&#8221;1\/3&#8243;][vc_single_image image=&#8221;3098&#8243; alignment=&#8221;center&#8221; style=&#8221;vc_box_shadow_3d&#8221; onclick=&#8221;custom_link&#8221; css_animation=&#8221;appear&#8221; link=&#8221;\/blog\/unterwasser-videos_michael_bode\/&#8221;][vc_column_text] Indonesien unter Wasser Seit \u00fcber 25 Jahren tauche ich regelm\u00e4\u00dfig in Indonesien. Meistens hat mich dabei auch eine Videokamera begleitet. So sind&#8230;<span class=\"screen-reader-text\">  Unterwasser-Videos aus Indonesien<\/span><\/p>\n","protected":false},"author":1,"featured_media":2931,"parent":0,"menu_order":0,"comment_status":"closed","ping_status":"closed","template":"","meta":{"footnotes":""},"class_list":["post-3088","page","type-page","status-publish","has-post-thumbnail","hentry"],"yoast_head":"<!-- This site is optimized with the Yoast SEO plugin v27.4 - https:\/\/yoast.com\/product\/yoast-seo-wordpress\/ -->\n<title>Unterwasser-Videos aus Indonesien - BodeBlog-Tauchen in Indonesien<\/title>\n<meta name=\"description\" content=\"Eine umfangreiche Sammlung von Unterwasser-Videos aus Indonesien im Bodeweb.\" \/>\n<meta name=\"robots\" content=\"index, follow, max-snippet:-1, max-image-preview:large, max-video-preview:-1\" \/>\n<link rel=\"canonical\" href=\"https:\/\/bodeweb.de\/blog\/unterwasser-videos-aus-indonesien\/\" \/>\n<meta property=\"og:locale\" content=\"de_DE\" \/>\n<meta property=\"og:type\" content=\"article\" \/>\n<meta property=\"og:title\" content=\"Unterwasser-Videos aus Indonesien - BodeBlog-Tauchen in Indonesien\" \/>\n<meta property=\"og:description\" content=\"Eine umfangreiche Sammlung von Unterwasser-Videos aus Indonesien im Bodeweb.\" \/>\n<meta property=\"og:url\" content=\"https:\/\/bodeweb.de\/blog\/unterwasser-videos-aus-indonesien\/\" \/>\n<meta property=\"og:site_name\" content=\"BodeBlog-Tauchen in Indonesien\" \/>\n<meta property=\"article:modified_time\" content=\"2016-04-17T14:29:48+00:00\" \/>\n<meta property=\"og:image\" content=\"https:\/\/bodeweb.de\/blog\/wp-content\/uploads\/2016\/02\/cropped-head_kinder_kanu.jpg\" \/>\n\t<meta property=\"og:image:width\" content=\"1260\" \/>\n\t<meta property=\"og:image:height\" content=\"239\" \/>\n\t<meta property=\"og:image:type\" content=\"image\/jpeg\" \/>\n<meta name=\"twitter:card\" content=\"summary_large_image\" \/>\n<meta name=\"twitter:label1\" content=\"Gesch\u00e4tzte Lesezeit\" \/>\n\t<meta name=\"twitter:data1\" content=\"2\u00a0Minuten\" \/>\n<script type=\"application\/ld+json\" class=\"yoast-schema-graph\">{\"@context\":\"https:\\\/\\\/schema.org\",\"@graph\":[{\"@type\":\"WebPage\",\"@id\":\"https:\\\/\\\/bodeweb.de\\\/blog\\\/unterwasser-videos-aus-indonesien\\\/\",\"url\":\"https:\\\/\\\/bodeweb.de\\\/blog\\\/unterwasser-videos-aus-indonesien\\\/\",\"name\":\"Unterwasser-Videos aus Indonesien - BodeBlog-Tauchen in Indonesien\",\"isPartOf\":{\"@id\":\"https:\\\/\\\/bodeweb.de\\\/blog\\\/#website\"},\"primaryImageOfPage\":{\"@id\":\"https:\\\/\\\/bodeweb.de\\\/blog\\\/unterwasser-videos-aus-indonesien\\\/#primaryimage\"},\"image\":{\"@id\":\"https:\\\/\\\/bodeweb.de\\\/blog\\\/unterwasser-videos-aus-indonesien\\\/#primaryimage\"},\"thumbnailUrl\":\"https:\\\/\\\/bodeweb.de\\\/blog\\\/wp-content\\\/uploads\\\/2016\\\/02\\\/cropped-head_kinder_kanu.jpg\",\"datePublished\":\"2016-03-26T15:07:46+00:00\",\"dateModified\":\"2016-04-17T14:29:48+00:00\",\"description\":\"Eine umfangreiche Sammlung von Unterwasser-Videos aus Indonesien im Bodeweb.\",\"breadcrumb\":{\"@id\":\"https:\\\/\\\/bodeweb.de\\\/blog\\\/unterwasser-videos-aus-indonesien\\\/#breadcrumb\"},\"inLanguage\":\"de\",\"potentialAction\":[{\"@type\":\"ReadAction\",\"target\":[\"https:\\\/\\\/bodeweb.de\\\/blog\\\/unterwasser-videos-aus-indonesien\\\/\"]}]},{\"@type\":\"ImageObject\",\"inLanguage\":\"de\",\"@id\":\"https:\\\/\\\/bodeweb.de\\\/blog\\\/unterwasser-videos-aus-indonesien\\\/#primaryimage\",\"url\":\"https:\\\/\\\/bodeweb.de\\\/blog\\\/wp-content\\\/uploads\\\/2016\\\/02\\\/cropped-head_kinder_kanu.jpg\",\"contentUrl\":\"https:\\\/\\\/bodeweb.de\\\/blog\\\/wp-content\\\/uploads\\\/2016\\\/02\\\/cropped-head_kinder_kanu.jpg\",\"width\":1260,\"height\":239},{\"@type\":\"BreadcrumbList\",\"@id\":\"https:\\\/\\\/bodeweb.de\\\/blog\\\/unterwasser-videos-aus-indonesien\\\/#breadcrumb\",\"itemListElement\":[{\"@type\":\"ListItem\",\"position\":1,\"name\":\"Startseite\",\"item\":\"https:\\\/\\\/bodeweb.de\\\/blog\\\/\"},{\"@type\":\"ListItem\",\"position\":2,\"name\":\"Unterwasser-Videos aus Indonesien\"}]},{\"@type\":\"WebSite\",\"@id\":\"https:\\\/\\\/bodeweb.de\\\/blog\\\/#website\",\"url\":\"https:\\\/\\\/bodeweb.de\\\/blog\\\/\",\"name\":\"BodeBlog-Tauchen in Indonesien\",\"description\":\"Informationen \u00fcber Tauchen in Indonesien\",\"publisher\":{\"@id\":\"https:\\\/\\\/bodeweb.de\\\/blog\\\/#\\\/schema\\\/person\\\/de787d16d54da0697c0bf296fbf34d03\"},\"potentialAction\":[{\"@type\":\"SearchAction\",\"target\":{\"@type\":\"EntryPoint\",\"urlTemplate\":\"https:\\\/\\\/bodeweb.de\\\/blog\\\/?s={search_term_string}\"},\"query-input\":{\"@type\":\"PropertyValueSpecification\",\"valueRequired\":true,\"valueName\":\"search_term_string\"}}],\"inLanguage\":\"de\"},{\"@type\":[\"Person\",\"Organization\"],\"@id\":\"https:\\\/\\\/bodeweb.de\\\/blog\\\/#\\\/schema\\\/person\\\/de787d16d54da0697c0bf296fbf34d03\",\"name\":\"Michael\",\"image\":{\"@type\":\"ImageObject\",\"inLanguage\":\"de\",\"@id\":\"https:\\\/\\\/secure.gravatar.com\\\/avatar\\\/53b7ab5ea3943463de903d6b6915fadcc8c1d37027bf9624ab11bf2e707054f9?s=96&d=mm&r=g\",\"url\":\"https:\\\/\\\/secure.gravatar.com\\\/avatar\\\/53b7ab5ea3943463de903d6b6915fadcc8c1d37027bf9624ab11bf2e707054f9?s=96&d=mm&r=g\",\"contentUrl\":\"https:\\\/\\\/secure.gravatar.com\\\/avatar\\\/53b7ab5ea3943463de903d6b6915fadcc8c1d37027bf9624ab11bf2e707054f9?s=96&d=mm&r=g\",\"caption\":\"Michael\"},\"logo\":{\"@id\":\"https:\\\/\\\/secure.gravatar.com\\\/avatar\\\/53b7ab5ea3943463de903d6b6915fadcc8c1d37027bf9624ab11bf2e707054f9?s=96&d=mm&r=g\"}}]}<\/script>\n<!-- \/ Yoast SEO plugin. -->","yoast_head_json":{"title":"Unterwasser-Videos aus Indonesien - BodeBlog-Tauchen in Indonesien","description":"Eine umfangreiche Sammlung von Unterwasser-Videos aus Indonesien im Bodeweb.","robots":{"index":"index","follow":"follow","max-snippet":"max-snippet:-1","max-image-preview":"max-image-preview:large","max-video-preview":"max-video-preview:-1"},"canonical":"https:\/\/bodeweb.de\/blog\/unterwasser-videos-aus-indonesien\/","og_locale":"de_DE","og_type":"article","og_title":"Unterwasser-Videos aus Indonesien - BodeBlog-Tauchen in Indonesien","og_description":"Eine umfangreiche Sammlung von Unterwasser-Videos aus Indonesien im Bodeweb.","og_url":"https:\/\/bodeweb.de\/blog\/unterwasser-videos-aus-indonesien\/","og_site_name":"BodeBlog-Tauchen in Indonesien","article_modified_time":"2016-04-17T14:29:48+00:00","og_image":[{"width":1260,"height":239,"url":"https:\/\/bodeweb.de\/blog\/wp-content\/uploads\/2016\/02\/cropped-head_kinder_kanu.jpg","type":"image\/jpeg"}],"twitter_card":"summary_large_image","twitter_misc":{"Gesch\u00e4tzte Lesezeit":"2\u00a0Minuten"},"schema":{"@context":"https:\/\/schema.org","@graph":[{"@type":"WebPage","@id":"https:\/\/bodeweb.de\/blog\/unterwasser-videos-aus-indonesien\/","url":"https:\/\/bodeweb.de\/blog\/unterwasser-videos-aus-indonesien\/","name":"Unterwasser-Videos aus Indonesien - BodeBlog-Tauchen in Indonesien","isPartOf":{"@id":"https:\/\/bodeweb.de\/blog\/#website"},"primaryImageOfPage":{"@id":"https:\/\/bodeweb.de\/blog\/unterwasser-videos-aus-indonesien\/#primaryimage"},"image":{"@id":"https:\/\/bodeweb.de\/blog\/unterwasser-videos-aus-indonesien\/#primaryimage"},"thumbnailUrl":"https:\/\/bodeweb.de\/blog\/wp-content\/uploads\/2016\/02\/cropped-head_kinder_kanu.jpg","datePublished":"2016-03-26T15:07:46+00:00","dateModified":"2016-04-17T14:29:48+00:00","description":"Eine umfangreiche Sammlung von Unterwasser-Videos aus Indonesien im Bodeweb.","breadcrumb":{"@id":"https:\/\/bodeweb.de\/blog\/unterwasser-videos-aus-indonesien\/#breadcrumb"},"inLanguage":"de","potentialAction":[{"@type":"ReadAction","target":["https:\/\/bodeweb.de\/blog\/unterwasser-videos-aus-indonesien\/"]}]},{"@type":"ImageObject","inLanguage":"de","@id":"https:\/\/bodeweb.de\/blog\/unterwasser-videos-aus-indonesien\/#primaryimage","url":"https:\/\/bodeweb.de\/blog\/wp-content\/uploads\/2016\/02\/cropped-head_kinder_kanu.jpg","contentUrl":"https:\/\/bodeweb.de\/blog\/wp-content\/uploads\/2016\/02\/cropped-head_kinder_kanu.jpg","width":1260,"height":239},{"@type":"BreadcrumbList","@id":"https:\/\/bodeweb.de\/blog\/unterwasser-videos-aus-indonesien\/#breadcrumb","itemListElement":[{"@type":"ListItem","position":1,"name":"Startseite","item":"https:\/\/bodeweb.de\/blog\/"},{"@type":"ListItem","position":2,"name":"Unterwasser-Videos aus Indonesien"}]},{"@type":"WebSite","@id":"https:\/\/bodeweb.de\/blog\/#website","url":"https:\/\/bodeweb.de\/blog\/","name":"BodeBlog-Tauchen in Indonesien","description":"Informationen \u00fcber Tauchen in Indonesien","publisher":{"@id":"https:\/\/bodeweb.de\/blog\/#\/schema\/person\/de787d16d54da0697c0bf296fbf34d03"},"potentialAction":[{"@type":"SearchAction","target":{"@type":"EntryPoint","urlTemplate":"https:\/\/bodeweb.de\/blog\/?s={search_term_string}"},"query-input":{"@type":"PropertyValueSpecification","valueRequired":true,"valueName":"search_term_string"}}],"inLanguage":"de"},{"@type":["Person","Organization"],"@id":"https:\/\/bodeweb.de\/blog\/#\/schema\/person\/de787d16d54da0697c0bf296fbf34d03","name":"Michael","image":{"@type":"ImageObject","inLanguage":"de","@id":"https:\/\/secure.gravatar.com\/avatar\/53b7ab5ea3943463de903d6b6915fadcc8c1d37027bf9624ab11bf2e707054f9?s=96&d=mm&r=g","url":"https:\/\/secure.gravatar.com\/avatar\/53b7ab5ea3943463de903d6b6915fadcc8c1d37027bf9624ab11bf2e707054f9?s=96&d=mm&r=g","contentUrl":"https:\/\/secure.gravatar.com\/avatar\/53b7ab5ea3943463de903d6b6915fadcc8c1d37027bf9624ab11bf2e707054f9?s=96&d=mm&r=g","caption":"Michael"},"logo":{"@id":"https:\/\/secure.gravatar.com\/avatar\/53b7ab5ea3943463de903d6b6915fadcc8c1d37027bf9624ab11bf2e707054f9?s=96&d=mm&r=g"}}]}},"_links":{"self":[{"href":"https:\/\/bodeweb.de\/blog\/wp-json\/wp\/v2\/pages\/3088","targetHints":{"allow":["GET"]}}],"collection":[{"href":"https:\/\/bodeweb.de\/blog\/wp-json\/wp\/v2\/pages"}],"about":[{"href":"https:\/\/bodeweb.de\/blog\/wp-json\/wp\/v2\/types\/page"}],"author":[{"embeddable":true,"href":"https:\/\/bodeweb.de\/blog\/wp-json\/wp\/v2\/users\/1"}],"replies":[{"embeddable":true,"href":"https:\/\/bodeweb.de\/blog\/wp-json\/wp\/v2\/comments?post=3088"}],"version-history":[{"count":0,"href":"https:\/\/bodeweb.de\/blog\/wp-json\/wp\/v2\/pages\/3088\/revisions"}],"wp:featuredmedia":[{"embeddable":true,"href":"https:\/\/bodeweb.de\/blog\/wp-json\/wp\/v2\/media\/2931"}],"wp:attachment":[{"href":"https:\/\/bodeweb.de\/blog\/wp-json\/wp\/v2\/media?parent=3088"}],"curies":[{"name":"wp","href":"https:\/\/api.w.org\/{rel}","templated":true}]}}